{"id":1590,"date":"2020-08-11T09:36:33","date_gmt":"2020-08-11T09:36:33","guid":{"rendered":"http:\/\/nifty.bold-themes.com\/main-demo\/?page_id=1590"},"modified":"2025-07-02T06:54:01","modified_gmt":"2025-07-02T06:54:01","slug":"services","status":"publish","type":"page","link":"https:\/\/kaseinternational.com\/fr\/services\/","title":{"rendered":"PRESTATIONS DE SERVICE"},"content":{"rendered":"<p><section data-bb-version=\"4.5.5\" id=\"bt_bb_section69d25f9a3a46a\" class=\"bt_bb_section bt_bb_color_scheme_1 bt_bb_layout_boxed_1200 bt_bb_vertical_align_top bt_bb_background_overlay_top_dark_gradient bt_bb_bottom_section_coverage_image bt_bb_section_with_bottom_coverage_image bt_bb_top_spacing_large bt_bb_bottom_spacing_large\" style=\"; --section-primary-color:#ffffff; --section-secondary-color:#191919;\" data-bt-override-class=\"{&quot;bt_bb_top_spacing_&quot;:{&quot;current_class&quot;:&quot;bt_bb_top_spacing_large&quot;,&quot;def&quot;:&quot;large&quot;},&quot;bt_bb_bottom_spacing_&quot;:{&quot;current_class&quot;:&quot;bt_bb_bottom_spacing_large&quot;,&quot;def&quot;:&quot;large&quot;}}\"><div class=\"bt_bb_background_image_holder_wrapper\"><div class=\"bt_bb_background_image_holder btLazyLoadBackground bt_bb_parallax\"  data-background_image_src=\"https:\/\/kaseinternational.com\/wp-content\/uploads\/2023\/04\/feat-image-services-scaled.jpg\" data-parallax=\"0.7\" data-parallax-offset=\"-120\" data-parallax-zoom-start=\"1\" data-parallax-zoom-end=\"1\" data-parallax-blur-start=\"0\" data-parallax-blur-end=\"0\" data-parallax-opacity-start=\"1\" data-parallax-opacity-end=\"1\" style=\" background-image: url(&#039;https:\/\/kaseinternational.com\/wp-content\/plugins\/bold-page-builder\/img\/blank.gif&#039;);\"><\/div><\/div><div class=\"bt_bb_port\"><div class=\"bt_bb_cell\"><div class=\"bt_bb_cell_inner\"><div data-bb-version=\"4.5.5\" class=\"bt_bb_row\"  data-bt-override-class=\"{}\"><div class=\"bt_bb_row_holder\" ><div  class=\"bt_bb_column col-xxl-7 col-xl-7 bt_bb_vertical_align_top bt_bb_align_left bt_bb_padding_normal bt_bb_animation_fade_in animate\" style=\"; --column-width:7;\" data-width=\"7\" data-bt-override-class=\"{}\"><div class=\"bt_bb_column_content\"><div class=\"bt_bb_column_content_inner\"><div class=\"bt_bb_separator bt_bb_border_style_none bt_bb_border_color_none bt_bb_bottom_spacing_large bt_bb_hidden_xs bt_bb_hidden_ms\" data-bt-override-class=\"null\"><\/div><header data-bb-version=\"4.5.5\" class=\"bt_bb_headline bt_bb_dash_none bt_bb_size_huge bt_bb_align_inherit\" data-bt-override-class=\"{&quot;bt_bb_size_&quot;:{&quot;current_class&quot;:&quot;bt_bb_size_huge&quot;,&quot;def&quot;:&quot;huge&quot;},&quot;bt_bb_align_&quot;:{&quot;current_class&quot;:&quot;bt_bb_align_inherit&quot;,&quot;def&quot;:&quot;inherit&quot;}}\"><h2 class=\"bt_bb_headline_tag\"><span class=\"bt_bb_headline_content\"><span>PRESTATIONS DE SERVICE<\/span><\/span><\/h2><\/header><div class=\"bt_bb_separator bt_bb_border_style_none bt_bb_border_color_none bt_bb_bottom_spacing_extra_large bt_bb_hidden_xs bt_bb_hidden_ms\" data-bt-override-class=\"null\"><\/div><\/div><\/div><\/div><div  class=\"bt_bb_column col-xxl-5 col-xl-5 bt_bb_vertical_align_top bt_bb_align_left bt_bb_padding_normal\" style=\"; --column-width:5;\" data-width=\"5\" data-bt-override-class=\"{}\"><div class=\"bt_bb_column_content\"><div class=\"bt_bb_column_content_inner\"><\/div><\/div><\/div><\/div><\/div><\/div><!-- cell_inner --><\/div><!-- cell --><\/div><!-- port --><div class=\"bt_bb_section_bottom_section_coverage_image\"><img decoding=\"async\" src=\"https:\/\/kaseinternational.com\/wp-content\/uploads\/2020\/10\/bottom_wave_02_gray.png\" alt=\"bt_bb_section_bottom_section_coverage_image\" \/><\/div><\/section><section data-bb-version=\"4.5.5\" id=\"bt_bb_section69d25f9a3ab25\" class=\"bt_bb_section bt_bb_layout_wide bt_bb_vertical_align_middle bt_bb_top_spacing_medium bt_bb_bottom_spacing_normal bt_bb_section_allow_content_outside\" style=\";background-color:rgb(246,249,254);\" data-bt-override-class=\"{&quot;bt_bb_top_spacing_&quot;:{&quot;current_class&quot;:&quot;bt_bb_top_spacing_medium&quot;,&quot;def&quot;:&quot;medium&quot;},&quot;bt_bb_bottom_spacing_&quot;:{&quot;current_class&quot;:&quot;bt_bb_bottom_spacing_normal&quot;,&quot;def&quot;:&quot;normal&quot;}}\"><div class=\"bt_bb_port\"><div class=\"bt_bb_cell\"><div class=\"bt_bb_cell_inner\"><div data-bb-version=\"4.5.5\" class=\"bt_bb_row bt_bb_row_width_boxed_1200 bt_bb_row_width_boxed  bt_bb_column_gap_0\" style=\"; --column-gap:0px;\" data-bt-override-class=\"{}\"><div class=\"bt_bb_row_holder\" ><div data-bb-version=\"4.5.5\"  class=\"bt_bb_column col-xxl-6 col-xl-6 bt_bb_vertical_align_middle bt_bb_align_left bt_bb_padding_normal bt_bb_animation_fade_in animate\" style=\"; --column-width:6;\" data-width=\"6\" data-bt-override-class=\"{&quot;bt_bb_align_&quot;:{&quot;current_class&quot;:&quot;bt_bb_align_left&quot;,&quot;def&quot;:&quot;left&quot;},&quot;bt_bb_padding_&quot;:{&quot;current_class&quot;:&quot;bt_bb_padding_normal&quot;,&quot;def&quot;:&quot;normal&quot;}}\"><div class=\"bt_bb_column_content\"><div class=\"bt_bb_column_content_inner\"><div data-bb-version=\"4.5.5\"  class=\"bt_bb_text\" ><\/p>\n<h1><span style=\"color: #0379b6\">NOTRE<\/span><\/h1>\n<h1><span style=\"color: #0379b6\">NETWORK<\/span><\/h1>\n<p>\n<\/div><\/div><\/div><\/div><div data-bb-version=\"4.5.5\"  class=\"bt_bb_column col-xxl-6 col-xl-6 bt_bb_vertical_align_middle bt_bb_align_left bt_bb_padding_40 bt_bb_animation_fade_in animate\" style=\"; --column-width:6;\" data-width=\"6\" data-bt-override-class=\"{&quot;bt_bb_align_&quot;:{&quot;current_class&quot;:&quot;bt_bb_align_left&quot;,&quot;def&quot;:&quot;left&quot;},&quot;bt_bb_padding_&quot;:{&quot;current_class&quot;:&quot;bt_bb_padding_40&quot;,&quot;def&quot;:&quot;40&quot;,&quot;md&quot;:&quot;0&quot;,&quot;sm&quot;:&quot;0&quot;,&quot;xs&quot;:&quot;0&quot;}}\"><div class=\"bt_bb_column_content\"><div class=\"bt_bb_column_content_inner\"><div data-bb-version=\"4.5.5\" class=\"bt_bb_image bt_bb_shape_soft-rounded bt_bb_target_self bt_bb_align_left bt_bb_hover_style_simple bt_bb_content_display_always bt_bb_content_align_middle\" data-bt-override-class=\"{&quot;bt_bb_align_&quot;:{&quot;current_class&quot;:&quot;bt_bb_align_left&quot;,&quot;def&quot;:&quot;left&quot;}}\"><span><img loading=\"lazy\" decoding=\"async\" width=\"682\" height=\"400\" src=\"https:\/\/kaseinternational.com\/wp-content\/uploads\/2023\/05\/map_kase.jpg\" class=\"attachment-full size-full\" alt=\"https:\/\/kaseinternational.com\/wp-content\/uploads\/2023\/05\/map_kase.jpg\" data-full_image_src=\"https:\/\/kaseinternational.com\/wp-content\/uploads\/2023\/05\/map_kase.jpg\" title=\"map_kase\" srcset=\"https:\/\/kaseinternational.com\/wp-content\/uploads\/2023\/05\/map_kase.jpg 682w, https:\/\/kaseinternational.com\/wp-content\/uploads\/2023\/05\/map_kase-640x375.jpg 640w, https:\/\/kaseinternational.com\/wp-content\/uploads\/2023\/05\/map_kase-18x12.jpg 18w, https:\/\/kaseinternational.com\/wp-content\/uploads\/2023\/05\/map_kase-320x188.jpg 320w\" sizes=\"auto, (max-width: 682px) 100vw, 682px\" \/><\/span><\/div><\/div><\/div><\/div><\/div><\/div><\/div><!-- cell_inner --><\/div><!-- cell --><\/div><!-- port --><\/section><section data-bb-version=\"4.5.5\" id=\"bt_bb_section69d25f9a3b971\" class=\"bt_bb_section bt_bb_layout_wide bt_bb_vertical_align_middle bt_bb_top_section_coverage_image bt_bb_section_with_top_coverage_image bt_bb_top_spacing_large bt_bb_bottom_spacing_normal bt_bb_section_allow_content_outside\"  data-bt-override-class=\"{&quot;bt_bb_top_spacing_&quot;:{&quot;current_class&quot;:&quot;bt_bb_top_spacing_large&quot;,&quot;def&quot;:&quot;large&quot;},&quot;bt_bb_bottom_spacing_&quot;:{&quot;current_class&quot;:&quot;bt_bb_bottom_spacing_normal&quot;,&quot;def&quot;:&quot;normal&quot;}}\"><div class=\"bt_bb_port\"><div class=\"bt_bb_cell\"><div class=\"bt_bb_cell_inner\"><div data-bb-version=\"4.5.5\" class=\"bt_bb_row bt_bb_row_width_boxed_1200 bt_bb_row_width_boxed  bt_bb_column_gap_0\" style=\"; --column-gap:0px;\" data-bt-override-class=\"{}\"><div class=\"bt_bb_row_holder\" ><div data-bb-version=\"4.5.5\"  class=\"bt_bb_column col-xxl-6 col-xl-6 bt_bb_vertical_align_middle bt_bb_align_left bt_bb_padding_normal bt_bb_animation_fade_in animate\" style=\"; --column-width:6;\" data-width=\"6\" data-bt-override-class=\"{&quot;bt_bb_align_&quot;:{&quot;current_class&quot;:&quot;bt_bb_align_left&quot;,&quot;def&quot;:&quot;left&quot;},&quot;bt_bb_padding_&quot;:{&quot;current_class&quot;:&quot;bt_bb_padding_normal&quot;,&quot;def&quot;:&quot;normal&quot;}}\"><div class=\"bt_bb_column_content\"><div class=\"bt_bb_column_content_inner\"><div data-bb-version=\"4.5.5\" class=\"bt_bb_image bt_bb_shape_soft-rounded bt_bb_target_self bt_bb_align_inherit bt_bb_hover_style_simple bt_bb_content_display_always bt_bb_content_align_middle\" data-bt-override-class=\"{&quot;bt_bb_align_&quot;:{&quot;current_class&quot;:&quot;bt_bb_align_inherit&quot;,&quot;def&quot;:&quot;inherit&quot;,&quot;md&quot;:&quot;left&quot;,&quot;sm&quot;:&quot;left&quot;,&quot;xs&quot;:&quot;left&quot;}}\"><span><img loading=\"lazy\" decoding=\"async\" width=\"2560\" height=\"1458\" src=\"https:\/\/kaseinternational.com\/wp-content\/uploads\/2023\/04\/consulting-services-scaled.jpg\" class=\"attachment-full size-full\" alt=\"Digital marketing online internet, Businessman holding global network connection on social networking and customer data analytics, Business strategy and smart intelligence, Technology, global business\" data-full_image_src=\"https:\/\/kaseinternational.com\/wp-content\/uploads\/2023\/04\/consulting-services-scaled.jpg\" title=\"Digital Marketing Online Internet, Businessman Holding Global Ne\" srcset=\"https:\/\/kaseinternational.com\/wp-content\/uploads\/2023\/04\/consulting-services-scaled.jpg 2560w, https:\/\/kaseinternational.com\/wp-content\/uploads\/2023\/04\/consulting-services-640x364.jpg 640w, https:\/\/kaseinternational.com\/wp-content\/uploads\/2023\/04\/consulting-services-1280x729.jpg 1280w, https:\/\/kaseinternational.com\/wp-content\/uploads\/2023\/04\/consulting-services-768x437.jpg 768w, https:\/\/kaseinternational.com\/wp-content\/uploads\/2023\/04\/consulting-services-1536x875.jpg 1536w, https:\/\/kaseinternational.com\/wp-content\/uploads\/2023\/04\/consulting-services-2048x1166.jpg 2048w, https:\/\/kaseinternational.com\/wp-content\/uploads\/2023\/04\/consulting-services-320x182.jpg 320w\" sizes=\"auto, (max-width: 2560px) 100vw, 2560px\" \/><\/span><\/div><\/div><\/div><\/div><div data-bb-version=\"4.5.5\"  class=\"bt_bb_column col-xxl-6 col-xl-6 bt_bb_vertical_align_middle bt_bb_align_left bt_bb_padding_40 bt_bb_animation_fade_in animate\" style=\"; --column-width:6;\" data-width=\"6\" data-bt-override-class=\"{&quot;bt_bb_align_&quot;:{&quot;current_class&quot;:&quot;bt_bb_align_left&quot;,&quot;def&quot;:&quot;left&quot;},&quot;bt_bb_padding_&quot;:{&quot;current_class&quot;:&quot;bt_bb_padding_40&quot;,&quot;def&quot;:&quot;40&quot;,&quot;md&quot;:&quot;0&quot;,&quot;sm&quot;:&quot;0&quot;,&quot;xs&quot;:&quot;0&quot;}}\"><div class=\"bt_bb_column_content\"><div class=\"bt_bb_column_content_inner\"><header data-bb-version=\"4.5.5\" class=\"bt_bb_headline bt_bb_font_weight_medium bt_bb_dash_none bt_bb_size_normal bt_bb_align_left\" data-bt-override-class=\"{&quot;bt_bb_size_&quot;:{&quot;current_class&quot;:&quot;bt_bb_size_normal&quot;,&quot;def&quot;:&quot;normal&quot;,&quot;md&quot;:&quot;medium&quot;,&quot;sm&quot;:&quot;medium&quot;,&quot;xs&quot;:&quot;medium&quot;},&quot;bt_bb_align_&quot;:{&quot;current_class&quot;:&quot;bt_bb_align_left&quot;,&quot;def&quot;:&quot;left&quot;}}\"><h2 style=\"letter-spacing:-3px\" class=\"bt_bb_headline_tag\"><span class=\"bt_bb_headline_content\"><span>Conseil strat\u00e9gique<\/span><\/span><\/h2><\/header><div data-bb-version=\"5.4.0\" class=\"bt_bb_separator bt_bb_border_style_none bt_bb_border_color_none bt_bb_bottom_spacing_small\" data-bt-override-class=\"{&quot;bt_bb_bottom_spacing_&quot;:{&quot;current_class&quot;:&quot;bt_bb_bottom_spacing_small&quot;,&quot;def&quot;:&quot;small&quot;}}\"><\/div><div data-bb-version=\"4.5.5\"  class=\"bt_bb_text\" ><\/p>\n<p>Gr\u00e2ce \u00e0 une pr\u00e9sence constante sur le terrain, un r\u00e9seau international \u00e9tendu et des experts internes sp\u00e9cialis\u00e9s en march\u00e9s mondiaux, affaires internationales, \u00e9laboration de politiques publiques et intelligence <b>KASE<\/b> g\u00e9opolitique et \u00e9conomique, KASE s\u2019est forg\u00e9 une solide r\u00e9putation d\u2019excellence.<br>\nNous accompagnons les d\u00e9cideurs publics et priv\u00e9s dans leurs enjeux strat\u00e9giques les plus complexes.<\/p>\n<p>Nos services incluent:<\/p>\n<ul>\n<li><b>\u00c9valuations de l\u2019environnement g\u00e9opolitique et commercial<\/b><b><\/b><\/li>\n<li><b>Analyses des risques politiques et de l\u2019intelligence \u00e9conomique<\/b><b><\/b><\/li>\n<li><b>Mise en relation avec des d\u00e9cideurs \u00e9conomiques et politiques de haut niveau<\/b><b><\/b><\/li>\n<li><b>Organisation de tourn\u00e9es diplomatiques sur mesure<\/b><\/li>\n<\/ul>\n<p>\n<\/div><\/div><\/div><\/div><\/div><\/div><\/div><!-- cell_inner --><\/div><!-- cell --><\/div><!-- port --><div class=\"bt_bb_section_top_section_coverage_image\"><img decoding=\"async\" src=\"https:\/\/kaseinternational.com\/wp-content\/uploads\/2020\/09\/top_wave_07.png\" alt=\"bt_bb_section_top_section_coverage_image\" \/><\/div><\/section><section data-bb-version=\"4.5.5\" id=\"bt_bb_section69d25f9a3c9c0\" class=\"bt_bb_section bt_bb_layout_wide bt_bb_vertical_align_top bt_bb_top_section_coverage_image bt_bb_section_with_top_coverage_image bt_bb_top_spacing_normal bt_bb_bottom_spacing_normal bt_bb_section_allow_content_outside\"  data-bt-override-class=\"{&quot;bt_bb_top_spacing_&quot;:{&quot;current_class&quot;:&quot;bt_bb_top_spacing_normal&quot;,&quot;def&quot;:&quot;normal&quot;},&quot;bt_bb_bottom_spacing_&quot;:{&quot;current_class&quot;:&quot;bt_bb_bottom_spacing_normal&quot;,&quot;def&quot;:&quot;normal&quot;}}\"><div class=\"bt_bb_port\"><div class=\"bt_bb_cell\"><div class=\"bt_bb_cell_inner\"><div data-bb-version=\"4.5.5\" class=\"bt_bb_row bt_bb_row_width_boxed_1200 bt_bb_row_width_boxed  bt_bb_column_gap_0\" style=\"; --column-gap:0px;\" data-bt-override-class=\"{}\"><div class=\"bt_bb_row_holder\" ><div data-bb-version=\"4.5.5\"  class=\"bt_bb_column col-xxl-6 col-xl-6 bt_bb_vertical_align_middle bt_bb_align_left bt_bb_padding_normal bt_bb_animation_fade_in animate\" style=\"; --column-width:6;\" data-width=\"6\" data-bt-override-class=\"{&quot;bt_bb_align_&quot;:{&quot;current_class&quot;:&quot;bt_bb_align_left&quot;,&quot;def&quot;:&quot;left&quot;},&quot;bt_bb_padding_&quot;:{&quot;current_class&quot;:&quot;bt_bb_padding_normal&quot;,&quot;def&quot;:&quot;normal&quot;}}\"><div class=\"bt_bb_column_content\"><div class=\"bt_bb_column_content_inner\"><header data-bb-version=\"4.5.5\" class=\"bt_bb_headline bt_bb_font_weight_medium bt_bb_dash_none bt_bb_size_normal bt_bb_align_inherit\" data-bt-override-class=\"{&quot;bt_bb_size_&quot;:{&quot;current_class&quot;:&quot;bt_bb_size_normal&quot;,&quot;def&quot;:&quot;normal&quot;,&quot;md&quot;:&quot;medium&quot;,&quot;sm&quot;:&quot;medium&quot;,&quot;xs&quot;:&quot;medium&quot;},&quot;bt_bb_align_&quot;:{&quot;current_class&quot;:&quot;bt_bb_align_inherit&quot;,&quot;def&quot;:&quot;inherit&quot;,&quot;md&quot;:&quot;left&quot;,&quot;sm&quot;:&quot;left&quot;,&quot;xs&quot;:&quot;left&quot;}}\"><h2 style=\"letter-spacing:-3px\" class=\"bt_bb_headline_tag\"><span class=\"bt_bb_headline_content\"><span>Advocacy<\/span><\/span><\/h2><\/header><div data-bb-version=\"5.4.0\" class=\"bt_bb_separator bt_bb_border_style_none bt_bb_border_color_none bt_bb_top_spacing_none bt_bb_bottom_spacing_extra_small\" data-bt-override-class=\"{&quot;bt_bb_top_spacing_&quot;:{&quot;current_class&quot;:&quot;bt_bb_top_spacing_none&quot;,&quot;def&quot;:&quot;none&quot;},&quot;bt_bb_bottom_spacing_&quot;:{&quot;current_class&quot;:&quot;bt_bb_bottom_spacing_extra_small&quot;,&quot;def&quot;:&quot;extra_small&quot;}}\"><\/div><div data-bb-version=\"4.5.5\"  class=\"bt_bb_text\" ><\/p>\n<p>Notre force r\u00e9side dans notre compr\u00e9hension fine des dynamiques \u00e9conomiques et politiques propres \u00e0 chaque march\u00e9, ainsi que dans notre ma\u00eetrise des forces profondes qui les fa\u00e7onnent.<\/p>\n<p>L\u2019entrepreneuriat et l\u2019activit\u00e9 \u00e9conomique sont, selon nous, des leviers essentiels de cr\u00e9ation de valeur, \u00e0 condition d\u2019\u00e9voluer dans un cadre fond\u00e9 sur le partage des connaissances, le respect des cultures et traditions, la communication ouverte et l\u2019application de valeurs universelles.<\/p>\n<p>En s\u2019appuyant sur un acc\u00e8s privil\u00e9gi\u00e9 \u00e0 l\u2019information strat\u00e9gique et \u00e0 des d\u00e9cideurs de haut niveau, <b>KASE<\/b> con\u00e7oit des solutions pluridimensionnelles face aux d\u00e9fis globaux, et identifie des opportunit\u00e9s uniques de croissance durable.<\/p>\n<p>\n<\/div><\/div><\/div><\/div><div data-bb-version=\"4.5.5\"  class=\"bt_bb_column col-xxl-6 col-xl-6 bt_bb_vertical_align_middle bt_bb_align_left bt_bb_padding_40 bt_bb_animation_fade_in animate\" style=\"; --column-width:6;\" data-width=\"6\" data-bt-override-class=\"{&quot;bt_bb_align_&quot;:{&quot;current_class&quot;:&quot;bt_bb_align_left&quot;,&quot;def&quot;:&quot;left&quot;},&quot;bt_bb_padding_&quot;:{&quot;current_class&quot;:&quot;bt_bb_padding_40&quot;,&quot;def&quot;:&quot;40&quot;,&quot;md&quot;:&quot;0&quot;,&quot;sm&quot;:&quot;0&quot;,&quot;xs&quot;:&quot;0&quot;}}\"><div class=\"bt_bb_column_content\"><div class=\"bt_bb_column_content_inner\"><div data-bb-version=\"4.5.5\" class=\"bt_bb_image bt_bb_shape_soft-rounded bt_bb_target_self bt_bb_align_left bt_bb_hover_style_simple bt_bb_content_display_always bt_bb_content_align_middle\" data-bt-override-class=\"{&quot;bt_bb_align_&quot;:{&quot;current_class&quot;:&quot;bt_bb_align_left&quot;,&quot;def&quot;:&quot;left&quot;}}\"><span><img loading=\"lazy\" decoding=\"async\" width=\"2560\" height=\"1623\" src=\"https:\/\/kaseinternational.com\/wp-content\/uploads\/2023\/04\/advocacy-scaled.jpg\" class=\"attachment-full size-full\" alt=\"lawyer or attorneys shaking hand with client after consultation discussing a contract agreement customer at courtroom, judge service concept\" data-full_image_src=\"https:\/\/kaseinternational.com\/wp-content\/uploads\/2023\/04\/advocacy-scaled.jpg\" title=\"Lawyer Or Attorneys Shaking Hand With Client After Consultation\" srcset=\"https:\/\/kaseinternational.com\/wp-content\/uploads\/2023\/04\/advocacy-scaled.jpg 2560w, https:\/\/kaseinternational.com\/wp-content\/uploads\/2023\/04\/advocacy-640x406.jpg 640w, https:\/\/kaseinternational.com\/wp-content\/uploads\/2023\/04\/advocacy-1280x812.jpg 1280w, https:\/\/kaseinternational.com\/wp-content\/uploads\/2023\/04\/advocacy-768x487.jpg 768w, https:\/\/kaseinternational.com\/wp-content\/uploads\/2023\/04\/advocacy-1536x974.jpg 1536w, https:\/\/kaseinternational.com\/wp-content\/uploads\/2023\/04\/advocacy-2048x1299.jpg 2048w, https:\/\/kaseinternational.com\/wp-content\/uploads\/2023\/04\/advocacy-320x203.jpg 320w\" sizes=\"auto, (max-width: 2560px) 100vw, 2560px\" \/><\/span><\/div><\/div><\/div><\/div><\/div><\/div><\/div><!-- cell_inner --><\/div><!-- cell --><\/div><!-- port --><div class=\"bt_bb_section_top_section_coverage_image\"><img decoding=\"async\" src=\"https:\/\/kaseinternational.com\/wp-content\/uploads\/2020\/09\/top_wave_07.png\" alt=\"bt_bb_section_top_section_coverage_image\" \/><\/div><\/section><section data-bb-version=\"4.5.5\" id=\"bt_bb_section69d25f9a3d836\" class=\"bt_bb_section bt_bb_layout_wide bt_bb_vertical_align_top bt_bb_top_section_coverage_image bt_bb_section_with_top_coverage_image bt_bb_top_spacing_normal bt_bb_bottom_spacing_normal bt_bb_section_allow_content_outside\"  data-bt-override-class=\"{&quot;bt_bb_top_spacing_&quot;:{&quot;current_class&quot;:&quot;bt_bb_top_spacing_normal&quot;,&quot;def&quot;:&quot;normal&quot;},&quot;bt_bb_bottom_spacing_&quot;:{&quot;current_class&quot;:&quot;bt_bb_bottom_spacing_normal&quot;,&quot;def&quot;:&quot;normal&quot;}}\"><div class=\"bt_bb_port\"><div class=\"bt_bb_cell\"><div class=\"bt_bb_cell_inner\"><div data-bb-version=\"4.5.5\" class=\"bt_bb_row bt_bb_row_width_boxed_1200 bt_bb_row_width_boxed  bt_bb_column_gap_0\" style=\"; --column-gap:0px;\" data-bt-override-class=\"{}\"><div class=\"bt_bb_row_holder\" ><div  class=\"bt_bb_column col-xxl-6 col-xl-6 bt_bb_vertical_align_middle bt_bb_align_right bt_bb_padding_normal bt_bb_animation_fade_in animate\" style=\"; --column-width:6;\" data-width=\"6\" data-bt-override-class=\"{}\"><div class=\"bt_bb_column_content\"><div class=\"bt_bb_column_content_inner\"><div data-bb-version=\"4.5.5\" class=\"bt_bb_image bt_bb_shape_soft-rounded bt_bb_target_self bt_bb_align_left bt_bb_hover_style_simple bt_bb_content_display_always bt_bb_content_align_middle\" data-bt-override-class=\"{&quot;bt_bb_align_&quot;:{&quot;current_class&quot;:&quot;bt_bb_align_left&quot;,&quot;def&quot;:&quot;left&quot;}}\"><span><img loading=\"lazy\" decoding=\"async\" width=\"2560\" height=\"1280\" src=\"https:\/\/kaseinternational.com\/wp-content\/uploads\/2023\/04\/strategy-and-expertise-scaled.jpg\" class=\"attachment-full size-full\" alt=\"Asian business adviser meeting to analyze and discuss the situation on the financial report in the meeting room.Investment Consultant,Financial Consultant,Financial advisor and accounting concept\" data-full_image_src=\"https:\/\/kaseinternational.com\/wp-content\/uploads\/2023\/04\/strategy-and-expertise-scaled.jpg\" title=\"Photo Team Work Process,holding Contract Hand,signs Documents. A\" srcset=\"https:\/\/kaseinternational.com\/wp-content\/uploads\/2023\/04\/strategy-and-expertise-scaled.jpg 2560w, https:\/\/kaseinternational.com\/wp-content\/uploads\/2023\/04\/strategy-and-expertise-640x320.jpg 640w, https:\/\/kaseinternational.com\/wp-content\/uploads\/2023\/04\/strategy-and-expertise-1280x640.jpg 1280w, https:\/\/kaseinternational.com\/wp-content\/uploads\/2023\/04\/strategy-and-expertise-768x384.jpg 768w, https:\/\/kaseinternational.com\/wp-content\/uploads\/2023\/04\/strategy-and-expertise-1536x768.jpg 1536w, https:\/\/kaseinternational.com\/wp-content\/uploads\/2023\/04\/strategy-and-expertise-2048x1024.jpg 2048w, https:\/\/kaseinternational.com\/wp-content\/uploads\/2023\/04\/strategy-and-expertise-320x160.jpg 320w\" sizes=\"auto, (max-width: 2560px) 100vw, 2560px\" \/><\/span><\/div><\/div><\/div><\/div><div data-bb-version=\"4.5.5\"  class=\"bt_bb_column col-xxl-6 col-xl-6 bt_bb_vertical_align_middle bt_bb_align_left bt_bb_padding_40 bt_bb_animation_fade_in animate\" style=\"; --column-width:6;\" data-width=\"6\" data-bt-override-class=\"{&quot;bt_bb_align_&quot;:{&quot;current_class&quot;:&quot;bt_bb_align_left&quot;,&quot;def&quot;:&quot;left&quot;},&quot;bt_bb_padding_&quot;:{&quot;current_class&quot;:&quot;bt_bb_padding_40&quot;,&quot;def&quot;:&quot;40&quot;,&quot;md&quot;:&quot;0&quot;,&quot;sm&quot;:&quot;0&quot;,&quot;xs&quot;:&quot;0&quot;}}\"><div class=\"bt_bb_column_content\"><div class=\"bt_bb_column_content_inner\"><header data-bb-version=\"4.5.5\" class=\"bt_bb_headline bt_bb_font_weight_medium bt_bb_dash_none bt_bb_size_normal bt_bb_align_inherit\" data-bt-override-class=\"{&quot;bt_bb_size_&quot;:{&quot;current_class&quot;:&quot;bt_bb_size_normal&quot;,&quot;def&quot;:&quot;normal&quot;,&quot;md&quot;:&quot;medium&quot;,&quot;sm&quot;:&quot;medium&quot;,&quot;xs&quot;:&quot;medium&quot;},&quot;bt_bb_align_&quot;:{&quot;current_class&quot;:&quot;bt_bb_align_inherit&quot;,&quot;def&quot;:&quot;inherit&quot;}}\"><h2 style=\"letter-spacing:-3px\" class=\"bt_bb_headline_tag\"><span class=\"bt_bb_headline_content\"><span>Strat\u00e9gie &amp; Expertise<\/span><\/span><\/h2><\/header><div data-bb-version=\"5.4.0\" class=\"bt_bb_separator bt_bb_border_style_none bt_bb_border_color_none bt_bb_bottom_spacing_extra_small\" data-bt-override-class=\"{&quot;bt_bb_bottom_spacing_&quot;:{&quot;current_class&quot;:&quot;bt_bb_bottom_spacing_extra_small&quot;,&quot;def&quot;:&quot;extra_small&quot;}}\"><\/div><div data-bb-version=\"4.5.5\"  class=\"bt_bb_text\" ><\/p>\n<p>KASE applique une m\u00e9thodologie rigoureuse et holistique, nous permettant de fournir un accompagnement strat\u00e9gique de haut niveau et des informations \u00e0 forte valeur ajout\u00e9e qui influencent concr\u00e8tement les d\u00e9cisions de nos clients, qu\u2019il s\u2019agisse d\u2019activit\u00e9s op\u00e9rationnelles ou d\u2019investissements internationaux.<\/p>\n<p>Nos services incluent:<\/p>\n<ul>\n<li><b>Identification d\u2019opportunit\u00e9s attractives et facilitation de l\u2019investissement<\/b><b><\/b><\/li>\n<li><b>D\u00e9veloppement de partenariats strat\u00e9giques et de joint-ventures<\/b><b><\/b><\/li>\n<li><b>Lev\u00e9e de capitaux, acquisitions, investissements directs \u00e9trangers<\/b><b><\/b><\/li>\n<li><b>\u00c9laboration de strat\u00e9gies int\u00e9gr\u00e9es et d\u2019instruments op\u00e9rationnels pr\u00eats \u00e0 l\u2019emploi<\/b><\/li>\n<\/ul>\n<p>\n<\/div><\/div><\/div><\/div><\/div><\/div><\/div><!-- cell_inner --><\/div><!-- cell --><\/div><!-- port --><div class=\"bt_bb_section_top_section_coverage_image\"><img decoding=\"async\" src=\"https:\/\/kaseinternational.com\/wp-content\/uploads\/2020\/09\/top_wave_07.png\" alt=\"bt_bb_section_top_section_coverage_image\" \/><\/div><\/section><\/p>","protected":false},"excerpt":{"rendered":"","protected":false},"author":2,"featured_media":0,"parent":0,"menu_order":0,"comment_status":"closed","ping_status":"closed","template":"","meta":{"inline_featured_image":false,"footnotes":""},"class_list":["post-1590","page","type-page","status-publish","hentry"],"_links":{"self":[{"href":"https:\/\/kaseinternational.com\/fr\/wp-json\/wp\/v2\/pages\/1590","targetHints":{"allow":["GET"]}}],"collection":[{"href":"https:\/\/kaseinternational.com\/fr\/wp-json\/wp\/v2\/pages"}],"about":[{"href":"https:\/\/kaseinternational.com\/fr\/wp-json\/wp\/v2\/types\/page"}],"author":[{"embeddable":true,"href":"https:\/\/kaseinternational.com\/fr\/wp-json\/wp\/v2\/users\/2"}],"replies":[{"embeddable":true,"href":"https:\/\/kaseinternational.com\/fr\/wp-json\/wp\/v2\/comments?post=1590"}],"version-history":[{"count":69,"href":"https:\/\/kaseinternational.com\/fr\/wp-json\/wp\/v2\/pages\/1590\/revisions"}],"predecessor-version":[{"id":3549,"href":"https:\/\/kaseinternational.com\/fr\/wp-json\/wp\/v2\/pages\/1590\/revisions\/3549"}],"wp:attachment":[{"href":"https:\/\/kaseinternational.com\/fr\/wp-json\/wp\/v2\/media?parent=1590"}],"curies":[{"name":"wp","href":"https:\/\/api.w.org\/{rel}","templated":true}]}}